{"id":6305,"date":"2024-09-03T17:04:59","date_gmt":"2024-09-03T15:04:59","guid":{"rendered":"https:\/\/vandebroek-interieur.be\/maritiem\/"},"modified":"2024-09-24T11:40:28","modified_gmt":"2024-09-24T09:40:28","slug":"maritiem","status":"publish","type":"page","link":"https:\/\/vandebroek-interieur.be\/en\/maritiem\/","title":{"rendered":"Maritiem"},"content":{"rendered":"","protected":false},"excerpt":{"rendered":"","protected":false},"author":3,"featured_media":6278,"parent":0,"menu_order":3,"comment_status":"closed","ping_status":"closed","template":"_template\/Service.php","meta":{"_acf_changed":false,"footnotes":""},"class_list":["post-6305","page","type-page","status-publish","has-post-thumbnail","hentry"],"acf":[],"yoast_head":"<!-- This site is optimized with the Yoast SEO plugin v24.9 - https:\/\/yoast.com\/wordpress\/plugins\/seo\/ -->\n<title>Maritieme interieurs op maat voor jachten en schepen<\/title>\n<meta name=\"description\" content=\"Ontdek luxe en functionele maritieme interieurs voor jachten en schepen bij Vandebroek Interieur. Maak jouw droomproject werkelijkheid. Lees meer!\" \/>\n<meta name=\"robots\" content=\"index, follow, max-snippet:-1, max-image-preview:large, max-video-preview:-1\" \/>\n<link rel=\"canonical\" href=\"https:\/\/vandebroek-interieur.be\/en\/maritiem\/\" \/>\n<meta property=\"og:locale\" content=\"en_US\" \/>\n<meta property=\"og:type\" content=\"article\" \/>\n<meta property=\"og:title\" content=\"Vandebroek Interieur\" \/>\n<meta property=\"og:description\" content=\"Maritieme interieurs op maat voor jachten en schepen\" \/>\n<meta property=\"og:url\" content=\"https:\/\/vandebroek-interieur.be\/en\/maritiem\/\" \/>\n<meta property=\"og:site_name\" content=\"Vandebroek Interior\" \/>\n<meta property=\"article:modified_time\" content=\"2024-09-24T09:40:28+00:00\" \/>\n<meta property=\"og:image\" content=\"https:\/\/vandebroek-interieur.be\/wp-content\/uploads\/2024\/07\/maritieme-interieurbouw-vandebroek-interieur-prive-jacht-zicht-richting-boeg.jpg\" \/>\n\t<meta property=\"og:image:width\" content=\"2000\" \/>\n\t<meta property=\"og:image:height\" content=\"1125\" \/>\n\t<meta property=\"og:image:type\" content=\"image\/jpeg\" \/>\n<meta name=\"twitter:card\" content=\"summary_large_image\" \/>\n<meta name=\"twitter:label1\" content=\"Est. reading time\" \/>\n\t<meta name=\"twitter:data1\" content=\"3 minutes\" \/>\n<script type=\"application\/ld+json\" class=\"yoast-schema-graph\">{\"@context\":\"https:\/\/schema.org\",\"@graph\":[{\"@type\":\"WebPage\",\"@id\":\"https:\/\/vandebroek-interieur.be\/en\/maritiem\/\",\"url\":\"https:\/\/vandebroek-interieur.be\/en\/maritiem\/\",\"name\":\"Maritieme interieurs op maat voor jachten en schepen\",\"isPartOf\":{\"@id\":\"https:\/\/vandebroek-interieur.be\/en\/#website\"},\"primaryImageOfPage\":{\"@id\":\"https:\/\/vandebroek-interieur.be\/en\/maritiem\/#primaryimage\"},\"image\":{\"@id\":\"https:\/\/vandebroek-interieur.be\/en\/maritiem\/#primaryimage\"},\"thumbnailUrl\":\"https:\/\/vandebroek-interieur.be\/wp-content\/uploads\/2024\/09\/interieurbouw-prive-jacht-vandebroek-interieur.jpg\",\"datePublished\":\"2024-09-03T15:04:59+00:00\",\"dateModified\":\"2024-09-24T09:40:28+00:00\",\"description\":\"Ontdek luxe en functionele maritieme interieurs voor jachten en schepen bij Vandebroek Interieur. Maak jouw droomproject werkelijkheid. Lees meer!\",\"breadcrumb\":{\"@id\":\"https:\/\/vandebroek-interieur.be\/en\/maritiem\/#breadcrumb\"},\"inLanguage\":\"en-US\",\"potentialAction\":[{\"@type\":\"ReadAction\",\"target\":[\"https:\/\/vandebroek-interieur.be\/en\/maritiem\/\"]}]},{\"@type\":\"ImageObject\",\"inLanguage\":\"en-US\",\"@id\":\"https:\/\/vandebroek-interieur.be\/en\/maritiem\/#primaryimage\",\"url\":\"https:\/\/vandebroek-interieur.be\/wp-content\/uploads\/2024\/09\/interieurbouw-prive-jacht-vandebroek-interieur.jpg\",\"contentUrl\":\"https:\/\/vandebroek-interieur.be\/wp-content\/uploads\/2024\/09\/interieurbouw-prive-jacht-vandebroek-interieur.jpg\",\"width\":2500,\"height\":1666,\"caption\":\"Prachtig interieur van een jacht. Render van het interieur dat Vandebroek \u00e9\u00e9n op \u00e9\u00e9n zal maken.\"},{\"@type\":\"BreadcrumbList\",\"@id\":\"https:\/\/vandebroek-interieur.be\/en\/maritiem\/#breadcrumb\",\"itemListElement\":[{\"@type\":\"ListItem\",\"position\":1,\"name\":\"Home\",\"item\":\"https:\/\/vandebroek-interieur.be\/en\/\"},{\"@type\":\"ListItem\",\"position\":2,\"name\":\"Maritiem\"}]},{\"@type\":\"WebSite\",\"@id\":\"https:\/\/vandebroek-interieur.be\/en\/#website\",\"url\":\"https:\/\/vandebroek-interieur.be\/en\/\",\"name\":\"Vandebroek Interior\",\"description\":\"\",\"potentialAction\":[{\"@type\":\"SearchAction\",\"target\":{\"@type\":\"EntryPoint\",\"urlTemplate\":\"https:\/\/vandebroek-interieur.be\/en\/?s={search_term_string}\"},\"query-input\":{\"@type\":\"PropertyValueSpecification\",\"valueRequired\":true,\"valueName\":\"search_term_string\"}}],\"inLanguage\":\"en-US\"}]}<\/script>\n<!-- \/ Yoast SEO plugin. -->","yoast_head_json":{"title":"Maritieme interieurs op maat voor jachten en schepen","description":"Ontdek luxe en functionele maritieme interieurs voor jachten en schepen bij Vandebroek Interieur. Maak jouw droomproject werkelijkheid. Lees meer!","robots":{"index":"index","follow":"follow","max-snippet":"max-snippet:-1","max-image-preview":"max-image-preview:large","max-video-preview":"max-video-preview:-1"},"canonical":"https:\/\/vandebroek-interieur.be\/en\/maritiem\/","og_locale":"en_US","og_type":"article","og_title":"Vandebroek Interieur","og_description":"Maritieme interieurs op maat voor jachten en schepen","og_url":"https:\/\/vandebroek-interieur.be\/en\/maritiem\/","og_site_name":"Vandebroek Interior","article_modified_time":"2024-09-24T09:40:28+00:00","og_image":[{"width":2000,"height":1125,"url":"https:\/\/vandebroek-interieur.be\/wp-content\/uploads\/2024\/07\/maritieme-interieurbouw-vandebroek-interieur-prive-jacht-zicht-richting-boeg.jpg","type":"image\/jpeg"}],"twitter_card":"summary_large_image","twitter_misc":{"Est. reading time":"3 minutes"},"schema":{"@context":"https:\/\/schema.org","@graph":[{"@type":"WebPage","@id":"https:\/\/vandebroek-interieur.be\/en\/maritiem\/","url":"https:\/\/vandebroek-interieur.be\/en\/maritiem\/","name":"Maritieme interieurs op maat voor jachten en schepen","isPartOf":{"@id":"https:\/\/vandebroek-interieur.be\/en\/#website"},"primaryImageOfPage":{"@id":"https:\/\/vandebroek-interieur.be\/en\/maritiem\/#primaryimage"},"image":{"@id":"https:\/\/vandebroek-interieur.be\/en\/maritiem\/#primaryimage"},"thumbnailUrl":"https:\/\/vandebroek-interieur.be\/wp-content\/uploads\/2024\/09\/interieurbouw-prive-jacht-vandebroek-interieur.jpg","datePublished":"2024-09-03T15:04:59+00:00","dateModified":"2024-09-24T09:40:28+00:00","description":"Ontdek luxe en functionele maritieme interieurs voor jachten en schepen bij Vandebroek Interieur. Maak jouw droomproject werkelijkheid. Lees meer!","breadcrumb":{"@id":"https:\/\/vandebroek-interieur.be\/en\/maritiem\/#breadcrumb"},"inLanguage":"en-US","potentialAction":[{"@type":"ReadAction","target":["https:\/\/vandebroek-interieur.be\/en\/maritiem\/"]}]},{"@type":"ImageObject","inLanguage":"en-US","@id":"https:\/\/vandebroek-interieur.be\/en\/maritiem\/#primaryimage","url":"https:\/\/vandebroek-interieur.be\/wp-content\/uploads\/2024\/09\/interieurbouw-prive-jacht-vandebroek-interieur.jpg","contentUrl":"https:\/\/vandebroek-interieur.be\/wp-content\/uploads\/2024\/09\/interieurbouw-prive-jacht-vandebroek-interieur.jpg","width":2500,"height":1666,"caption":"Prachtig interieur van een jacht. Render van het interieur dat Vandebroek \u00e9\u00e9n op \u00e9\u00e9n zal maken."},{"@type":"BreadcrumbList","@id":"https:\/\/vandebroek-interieur.be\/en\/maritiem\/#breadcrumb","itemListElement":[{"@type":"ListItem","position":1,"name":"Home","item":"https:\/\/vandebroek-interieur.be\/en\/"},{"@type":"ListItem","position":2,"name":"Maritiem"}]},{"@type":"WebSite","@id":"https:\/\/vandebroek-interieur.be\/en\/#website","url":"https:\/\/vandebroek-interieur.be\/en\/","name":"Vandebroek Interior","description":"","potentialAction":[{"@type":"SearchAction","target":{"@type":"EntryPoint","urlTemplate":"https:\/\/vandebroek-interieur.be\/en\/?s={search_term_string}"},"query-input":{"@type":"PropertyValueSpecification","valueRequired":true,"valueName":"search_term_string"}}],"inLanguage":"en-US"}]}},"_links":{"self":[{"href":"https:\/\/vandebroek-interieur.be\/en\/wp-json\/wp\/v2\/pages\/6305","targetHints":{"allow":["GET"]}}],"collection":[{"href":"https:\/\/vandebroek-interieur.be\/en\/wp-json\/wp\/v2\/pages"}],"about":[{"href":"https:\/\/vandebroek-interieur.be\/en\/wp-json\/wp\/v2\/types\/page"}],"author":[{"embeddable":true,"href":"https:\/\/vandebroek-interieur.be\/en\/wp-json\/wp\/v2\/users\/3"}],"replies":[{"embeddable":true,"href":"https:\/\/vandebroek-interieur.be\/en\/wp-json\/wp\/v2\/comments?post=6305"}],"version-history":[{"count":5,"href":"https:\/\/vandebroek-interieur.be\/en\/wp-json\/wp\/v2\/pages\/6305\/revisions"}],"predecessor-version":[{"id":6449,"href":"https:\/\/vandebroek-interieur.be\/en\/wp-json\/wp\/v2\/pages\/6305\/revisions\/6449"}],"wp:featuredmedia":[{"embeddable":true,"href":"https:\/\/vandebroek-interieur.be\/en\/wp-json\/wp\/v2\/media\/6278"}],"wp:attachment":[{"href":"https:\/\/vandebroek-interieur.be\/en\/wp-json\/wp\/v2\/media?parent=6305"}],"curies":[{"name":"wp","href":"https:\/\/api.w.org\/{rel}","templated":true}]}}